{"id":919,"date":"2025-11-11T07:32:28","date_gmt":"2025-11-11T07:32:28","guid":{"rendered":"https:\/\/janemade.pt\/?post_type=product&#038;p=919"},"modified":"2025-11-28T15:17:04","modified_gmt":"2025-11-28T15:17:04","slug":"enfeites","status":"publish","type":"product","link":"https:\/\/janemade.pt\/en\/product\/enfeites\/","title":{"rendered":"Christmas decorations"},"content":{"rendered":"<p>Pack of 6 leather ornaments.<\/p>\n<p>They can mix various colors or various shapes.<\/p>\n<p>To ensure the durability of leather items, avoid contact with liquids and moisture, as these can alter the color and texture of the material.<\/p>\n<p>To keep the leather nourished and renewed, regularly apply a specific leather cream.<br \/>\nWarning: Leather, when wet or exposed to friction, can transfer color and stain light-colored fabrics.<\/p>","protected":false},"excerpt":{"rendered":"<p>Pack de 6 unidades de enfeites em couro. Podem misturar v\u00e1rias cores ou v\u00e1rios formatos. Para garantir a durabilidade das pe\u00e7as em couro, evita o contacto com l\u00edquidos e humidade, pois podem alterar a cor e a textura do material. Para manter o couro nutrido e renovado, aplica regularmente um creme espec\u00edfico para couro. Aten\u00e7\u00e3o: [&hellip;]<\/p>","protected":false},"featured_media":643,"comment_status":"open","ping_status":"closed","template":"","meta":{"_seopress_robots_primary_cat":"none","_seopress_titles_title":"","_seopress_titles_desc":"","_seopress_robots_index":"","_eb_attr":""},"product_brand":[],"product_cat":[51,83,84],"product_tag":[53,62,61,60,26,25],"class_list":{"0":"post-919","1":"product","2":"type-product","3":"status-publish","4":"has-post-thumbnail","6":"product_cat-acessorios","7":"product_cat-enfeites-de-natal","8":"product_cat-outros","9":"product_tag-artesanal","10":"product_tag-arvore","11":"product_tag-bola","12":"product_tag-estrela","13":"product_tag-feito-a-mao","14":"product_tag-personalizado","15":"pa_cor-azul-claro","16":"pa_cor-azul-royal","17":"pa_cor-camel","18":"pa_cor-lavanda","19":"pa_cor-verde","20":"pa_cor-verde-claro","21":"pa_cor-vermelho","22":"wcpa_has_options","24":"first","25":"instock","26":"shipping-taxable","27":"purchasable","28":"product-type-variable"},"_links":{"self":[{"href":"https:\/\/janemade.pt\/en\/wp-json\/wp\/v2\/product\/919","targetHints":{"allow":["GET"]}}],"collection":[{"href":"https:\/\/janemade.pt\/en\/wp-json\/wp\/v2\/product"}],"about":[{"href":"https:\/\/janemade.pt\/en\/wp-json\/wp\/v2\/types\/product"}],"replies":[{"embeddable":true,"href":"https:\/\/janemade.pt\/en\/wp-json\/wp\/v2\/comments?post=919"}],"wp:featuredmedia":[{"embeddable":true,"href":"https:\/\/janemade.pt\/en\/wp-json\/wp\/v2\/media\/643"}],"wp:attachment":[{"href":"https:\/\/janemade.pt\/en\/wp-json\/wp\/v2\/media?parent=919"}],"wp:term":[{"taxonomy":"product_brand","embeddable":true,"href":"https:\/\/janemade.pt\/en\/wp-json\/wp\/v2\/product_brand?post=919"},{"taxonomy":"product_cat","embeddable":true,"href":"https:\/\/janemade.pt\/en\/wp-json\/wp\/v2\/product_cat?post=919"},{"taxonomy":"product_tag","embeddable":true,"href":"https:\/\/janemade.pt\/en\/wp-json\/wp\/v2\/product_tag?post=919"}],"curies":[{"name":"wp","href":"https:\/\/api.w.org\/{rel}","templated":true}]}}