{"id":838,"date":"2025-11-10T23:20:47","date_gmt":"2025-11-10T23:20:47","guid":{"rendered":"https:\/\/janemade.pt\/?page_id=838"},"modified":"2025-11-10T23:22:01","modified_gmt":"2025-11-10T23:22:01","slug":"politica-de-entrega","status":"publish","type":"page","link":"https:\/\/janemade.pt\/en\/politica-de-entrega\/","title":{"rendered":"Delivery Policy"},"content":{"rendered":"<div style=\"height:100px\" aria-hidden=\"true\" class=\"wp-block-spacer\"><\/div>\n\n\n\n<h3 class=\"wp-block-heading\"><strong>Shipping Methods<\/strong><\/h3>\n\n\n\n<ol class=\"wp-block-list\">\n<li><strong>Pick up at the store (Maisena Box in Campo de Ourique or Pickup point in Cascais)<\/strong>\n<ul class=\"wp-block-list\">\n<li><strong>Address<\/strong>Maisena: Rua Tom\u00e1s da Anuncia\u00e7\u00e3o 5B, 1350-303 Lisbon or Jorge Roda Tecidos Decorativos: Avenida 25 de Abril 217, 2750-402 Cascais<\/li>\n\n\n\n<li><strong>Deadlines<\/strong>:\n<ul class=\"wp-block-list\">\n<li><strong>Stock Items<\/strong>In-store pickup in&nbsp;<strong>1 to 5 business days<\/strong>.<\/li>\n\n\n\n<li><strong>Custom Parts<\/strong>&nbsp;It will always depend on the quantity, but it will be available for collection between&nbsp;<strong>5 to 10 business days<\/strong>.<\/li>\n<\/ul>\n<\/li>\n\n\n\n<li>Note: In case of stock shortage, this timeframe may be longer, but we will notify you. We will try to restock as quickly as possible.<\/li>\n\n\n\n<li><strong>Cost<\/strong>: Free.<\/li>\n<\/ul>\n<\/li>\n\n\n\n<li><strong>Shipping via Carriers<\/strong>:\n<ul class=\"wp-block-list\">\n<li><strong>CTT<\/strong>For mainland Portugal and the islands, and for Spain.<\/li>\n\n\n\n<li><strong>Europe<\/strong>\n<ul class=\"wp-block-list\">\n<li><strong>Registered (CTT)<\/strong>\n<ul class=\"wp-block-list\">\n<li>0kg \u2013 100g:&nbsp;<strong>7 \u20ac<\/strong><\/li>\n\n\n\n<li>100g \u2013 500g:&nbsp;<strong>10,00 \u20ac<\/strong><\/li>\n\n\n\n<li>500g \u2013 1kg:&nbsp;<strong>15\u20ac<\/strong><\/li>\n<\/ul>\n<\/li>\n<\/ul>\n<\/li>\n\n\n\n<li><strong>Mainland Portugal and Islands<\/strong>\n<ul class=\"wp-block-list\">\n<li><strong>Registered (CTT):<\/strong>\n<ul class=\"wp-block-list\">\n<li>0kg \u2013 500g:&nbsp;<strong>5 \u20ac<\/strong><\/li>\n\n\n\n<li>500g \u2013 2kg:&nbsp;<strong>10,00 \u20ac<\/strong><\/li>\n<\/ul>\n<\/li>\n<\/ul>\n<\/li>\n<\/ul>\n<\/li>\n<\/ol>\n\n\n\n<h3 class=\"wp-block-heading\"><strong>Processing and Delivery<\/strong><\/h3>\n\n\n\n<p>Delivery times vary depending on the shipping method selected and the destination location.<\/p>\n\n\n\n<p>We ship orders after payment has been validated.<\/p>\n\n\n\n<p>The tracking code will be sent according to the shipping method chosen:<\/p>\n\n\n\n<p><strong>CTT<\/strong>Tracking code sent via WhatsApp or email.<\/p>\n\n\n\n<p><\/p>","protected":false},"excerpt":{"rendered":"<p>M\u00e9todos de Envio Processamento e Entrega Os prazos de entrega variam conforme o m\u00e9todo de envio selecionado e a localiza\u00e7\u00e3o de destino. Enviamos as encomendas ap\u00f3s valida\u00e7\u00e3o do pagamento. O c\u00f3digo de rastreio ser\u00e1 enviado de acordo com o m\u00e9todo de envio escolhido: CTT: C\u00f3digo de rastreio enviado por WhatsApp ou email.<\/p>","protected":false},"author":1,"featured_media":0,"parent":0,"menu_order":0,"comment_status":"closed","ping_status":"closed","template":"","meta":{"_seopress_robots_primary_cat":"","_seopress_titles_title":"","_seopress_titles_desc":"","_seopress_robots_index":"","_eb_attr":"","footnotes":""},"class_list":["post-838","page","type-page","status-publish","hentry"],"_hostinger_reach_plugin_has_subscription_block":false,"_hostinger_reach_plugin_is_elementor":false,"_links":{"self":[{"href":"https:\/\/janemade.pt\/en\/wp-json\/wp\/v2\/pages\/838","targetHints":{"allow":["GET"]}}],"collection":[{"href":"https:\/\/janemade.pt\/en\/wp-json\/wp\/v2\/pages"}],"about":[{"href":"https:\/\/janemade.pt\/en\/wp-json\/wp\/v2\/types\/page"}],"author":[{"embeddable":true,"href":"https:\/\/janemade.pt\/en\/wp-json\/wp\/v2\/users\/1"}],"replies":[{"embeddable":true,"href":"https:\/\/janemade.pt\/en\/wp-json\/wp\/v2\/comments?post=838"}],"version-history":[{"count":0,"href":"https:\/\/janemade.pt\/en\/wp-json\/wp\/v2\/pages\/838\/revisions"}],"wp:attachment":[{"href":"https:\/\/janemade.pt\/en\/wp-json\/wp\/v2\/media?parent=838"}],"curies":[{"name":"wp","href":"https:\/\/api.w.org\/{rel}","templated":true}]}}