{"id":550,"date":"2025-05-30T09:55:04","date_gmt":"2025-05-30T09:55:04","guid":{"rendered":"https:\/\/janemade.pt\/?page_id=550"},"modified":"2025-11-24T12:25:11","modified_gmt":"2025-11-24T12:25:11","slug":"inspiracao","status":"publish","type":"page","link":"https:\/\/janemade.pt\/en\/inspiracao\/","title":{"rendered":"Inspiration"},"content":{"rendered":"<div data-elementor-type=\"wp-page\" data-elementor-id=\"550\" class=\"elementor elementor-550\" data-elementor-post-type=\"page\">\n\t\t\t\t<div data-particle_enable=\"false\" data-particle-mobile-disabled=\"false\" class=\"elementor-element elementor-element-d9a7619 e-flex e-con-boxed e-con e-parent\" data-id=\"d9a7619\" data-element_type=\"container\">\n\t\t\t\t\t<div class=\"e-con-inner\">\n\t\t<div data-particle_enable=\"false\" data-particle-mobile-disabled=\"false\" class=\"elementor-element elementor-element-4966efc e-con-full e-flex e-con e-child\" data-id=\"4966efc\" data-element_type=\"container\">\n\t\t\t\t<div class=\"elementor-element elementor-element-fc9cbac elementor-widget elementor-widget-heading\" data-id=\"fc9cbac\" data-element_type=\"widget\" data-widget_type=\"heading.default\">\n\t\t\t\t<div class=\"elementor-widget-container\">\n\t\t\t\t\t<h1 class=\"elementor-heading-title elementor-size-default\">Inspiration<\/h1>\t\t\t\t<\/div>\n\t\t\t\t<\/div>\n\t\t\t\t<div class=\"elementor-element elementor-element-3e4604d elementor-widget elementor-widget-heading\" data-id=\"3e4604d\" data-element_type=\"widget\" data-widget_type=\"heading.default\">\n\t\t\t\t<div class=\"elementor-widget-container\">\n\t\t\t\t\t<p class=\"elementor-heading-title elementor-size-default\">Be inspired by unique compositions and details that elevate every moment at the table. <br>Here, we bring together ideas, colors, and combinations that celebrate handmade items and the beauty of small gestures.<\/p>\t\t\t\t<\/div>\n\t\t\t\t<\/div>\n\t\t\t\t<div class=\"elementor-element elementor-element-ea5ae6e elementor-widget elementor-widget-gallery\" data-id=\"ea5ae6e\" data-element_type=\"widget\" data-settings=\"{&quot;gallery_layout&quot;:&quot;justified&quot;,&quot;ideal_row_height&quot;:{&quot;unit&quot;:&quot;px&quot;,&quot;size&quot;:427,&quot;sizes&quot;:[]},&quot;lazyload&quot;:&quot;yes&quot;,&quot;ideal_row_height_tablet&quot;:{&quot;unit&quot;:&quot;px&quot;,&quot;size&quot;:150,&quot;sizes&quot;:[]},&quot;ideal_row_height_mobile&quot;:{&quot;unit&quot;:&quot;px&quot;,&quot;size&quot;:150,&quot;sizes&quot;:[]},&quot;gap&quot;:{&quot;unit&quot;:&quot;px&quot;,&quot;size&quot;:10,&quot;sizes&quot;:[]},&quot;gap_tablet&quot;:{&quot;unit&quot;:&quot;px&quot;,&quot;size&quot;:10,&quot;sizes&quot;:[]},&quot;gap_mobile&quot;:{&quot;unit&quot;:&quot;px&quot;,&quot;size&quot;:10,&quot;sizes&quot;:[]},&quot;link_to&quot;:&quot;file&quot;,&quot;overlay_background&quot;:&quot;yes&quot;,&quot;content_hover_animation&quot;:&quot;fade-in&quot;}\" data-widget_type=\"gallery.default\">\n\t\t\t\t<div class=\"elementor-widget-container\">\n\t\t\t\t\t\t\t<div class=\"elementor-gallery__container\">\n\t\t\t\t\t\t\t<a class=\"e-gallery-item elementor-gallery-item elementor-animated-content\" href=\"https:\/\/janemade.pt\/wp-content\/uploads\/2025\/05\/image4-63.webp\" data-elementor-open-lightbox=\"yes\" data-elementor-lightbox-slideshow=\"ea5ae6e\" data-elementor-lightbox-title=\"Mesa de Evento Decorada com Lou\u00e7a Artesanal e Copos \u00c2mbar \u2013 Jane Made\" data-elementor-lightbox-description=\"Mesa de jantar cuidadosamente decorada com elementos artesanais da Jane Made, incluindo bases em rattan, guardanapos com argolas de couro, copos \u00e2mbar e arranjos florais em tons verdes e laranja. Uma composi\u00e7\u00e3o elegante e natural ideal para eventos, casamentos e celebra\u00e7\u00f5es ao ar livre.\" data-e-action-hash=\"#elementor-action%3Aaction%3Dlightbox%26settings%3DeyJpZCI6NTYzLCJ1cmwiOiJodHRwczpcL1wvamFuZW1hZGUucHRcL3dwLWNvbnRlbnRcL3VwbG9hZHNcLzIwMjVcLzA1XC9pbWFnZTQtNjMud2VicCIsInNsaWRlc2hvdyI6ImVhNWFlNmUifQ%3D%3D\">\n\t\t\t\t\t<div class=\"e-gallery-image elementor-gallery-item__image\" data-thumbnail=\"https:\/\/janemade.pt\/wp-content\/uploads\/2025\/05\/image4-63.webp\" data-width=\"1170\" data-height=\"1454\" aria-label=\"A dining table decorated with handcrafted tableware, amber glasses, and a green and orange floral arrangement at an outdoor event.\" role=\"img\" ><\/div>\n\t\t\t\t\t\t\t\t\t\t\t<div class=\"elementor-gallery-item__overlay\"><\/div>\n\t\t\t\t\t\t\t\t\t\t\t\t\t\t<\/a>\n\t\t\t\t\t\t\t<a class=\"e-gallery-item elementor-gallery-item elementor-animated-content\" href=\"https:\/\/janemade.pt\/wp-content\/uploads\/2025\/05\/image24.webp\" data-elementor-open-lightbox=\"yes\" data-elementor-lightbox-slideshow=\"ea5ae6e\" data-elementor-lightbox-title=\"image24\" data-e-action-hash=\"#elementor-action%3Aaction%3Dlightbox%26settings%3DeyJpZCI6NTY0LCJ1cmwiOiJodHRwczpcL1wvamFuZW1hZGUucHRcL3dwLWNvbnRlbnRcL3VwbG9hZHNcLzIwMjVcLzA1XC9pbWFnZTI0LndlYnAiLCJzbGlkZXNob3ciOiJlYTVhZTZlIn0%3D\">\n\t\t\t\t\t<div class=\"e-gallery-image elementor-gallery-item__image\" data-thumbnail=\"https:\/\/janemade.pt\/wp-content\/uploads\/2025\/05\/image24.webp\" data-width=\"1170\" data-height=\"1458\" aria-label=\"\" role=\"img\" ><\/div>\n\t\t\t\t\t\t\t\t\t\t\t<div class=\"elementor-gallery-item__overlay\"><\/div>\n\t\t\t\t\t\t\t\t\t\t\t\t\t\t<\/a>\n\t\t\t\t\t\t\t<a class=\"e-gallery-item elementor-gallery-item elementor-animated-content\" href=\"https:\/\/janemade.pt\/wp-content\/uploads\/2025\/05\/image33-1.webp\" data-elementor-open-lightbox=\"yes\" data-elementor-lightbox-slideshow=\"ea5ae6e\" data-elementor-lightbox-title=\"image33\" data-e-action-hash=\"#elementor-action%3Aaction%3Dlightbox%26settings%3DeyJpZCI6NTY1LCJ1cmwiOiJodHRwczpcL1wvamFuZW1hZGUucHRcL3dwLWNvbnRlbnRcL3VwbG9hZHNcLzIwMjVcLzA1XC9pbWFnZTMzLTEud2VicCIsInNsaWRlc2hvdyI6ImVhNWFlNmUifQ%3D%3D\">\n\t\t\t\t\t<div class=\"e-gallery-image elementor-gallery-item__image\" data-thumbnail=\"https:\/\/janemade.pt\/wp-content\/uploads\/2025\/05\/image33-1.webp\" data-width=\"1170\" data-height=\"1468\" aria-label=\"\" role=\"img\" ><\/div>\n\t\t\t\t\t\t\t\t\t\t\t<div class=\"elementor-gallery-item__overlay\"><\/div>\n\t\t\t\t\t\t\t\t\t\t\t\t\t\t<\/a>\n\t\t\t\t\t\t\t<a class=\"e-gallery-item elementor-gallery-item elementor-animated-content\" href=\"https:\/\/janemade.pt\/wp-content\/uploads\/2025\/05\/image106.webp\" data-elementor-open-lightbox=\"yes\" data-elementor-lightbox-slideshow=\"ea5ae6e\" data-elementor-lightbox-title=\"image106\" data-e-action-hash=\"#elementor-action%3Aaction%3Dlightbox%26settings%3DeyJpZCI6NTY2LCJ1cmwiOiJodHRwczpcL1wvamFuZW1hZGUucHRcL3dwLWNvbnRlbnRcL3VwbG9hZHNcLzIwMjVcLzA1XC9pbWFnZTEwNi53ZWJwIiwic2xpZGVzaG93IjoiZWE1YWU2ZSJ9\">\n\t\t\t\t\t<div class=\"e-gallery-image elementor-gallery-item__image\" data-thumbnail=\"https:\/\/janemade.pt\/wp-content\/uploads\/2025\/05\/image106.webp\" data-width=\"1170\" data-height=\"780\" aria-label=\"\" role=\"img\" ><\/div>\n\t\t\t\t\t\t\t\t\t\t\t<div class=\"elementor-gallery-item__overlay\"><\/div>\n\t\t\t\t\t\t\t\t\t\t\t\t\t\t<\/a>\n\t\t\t\t\t\t\t<a class=\"e-gallery-item elementor-gallery-item elementor-animated-content\" href=\"https:\/\/janemade.pt\/wp-content\/uploads\/2025\/05\/image116.jpeg\" data-elementor-open-lightbox=\"yes\" data-elementor-lightbox-slideshow=\"ea5ae6e\" data-elementor-lightbox-title=\"image116\" data-e-action-hash=\"#elementor-action%3Aaction%3Dlightbox%26settings%3DeyJpZCI6NTY3LCJ1cmwiOiJodHRwczpcL1wvamFuZW1hZGUucHRcL3dwLWNvbnRlbnRcL3VwbG9hZHNcLzIwMjVcLzA1XC9pbWFnZTExNi5qcGVnIiwic2xpZGVzaG93IjoiZWE1YWU2ZSJ9\">\n\t\t\t\t\t<div class=\"e-gallery-image elementor-gallery-item__image\" data-thumbnail=\"https:\/\/janemade.pt\/wp-content\/uploads\/2025\/05\/image116.jpeg\" data-width=\"1170\" data-height=\"780\" aria-label=\"\" role=\"img\" ><\/div>\n\t\t\t\t\t\t\t\t\t\t\t<div class=\"elementor-gallery-item__overlay\"><\/div>\n\t\t\t\t\t\t\t\t\t\t\t\t\t\t<\/a>\n\t\t\t\t\t\t\t<a class=\"e-gallery-item elementor-gallery-item elementor-animated-content\" href=\"https:\/\/janemade.pt\/wp-content\/uploads\/2025\/05\/image120288295.webp\" data-elementor-open-lightbox=\"yes\" data-elementor-lightbox-slideshow=\"ea5ae6e\" data-elementor-lightbox-title=\"image120288295\" data-e-action-hash=\"#elementor-action%3Aaction%3Dlightbox%26settings%3DeyJpZCI6NTY4LCJ1cmwiOiJodHRwczpcL1wvamFuZW1hZGUucHRcL3dwLWNvbnRlbnRcL3VwbG9hZHNcLzIwMjVcLzA1XC9pbWFnZTEyMDI4ODI5NS53ZWJwIiwic2xpZGVzaG93IjoiZWE1YWU2ZSJ9\">\n\t\t\t\t\t<div class=\"e-gallery-image elementor-gallery-item__image\" data-thumbnail=\"https:\/\/janemade.pt\/wp-content\/uploads\/2025\/05\/image120288295.webp\" data-width=\"1440\" data-height=\"1440\" aria-label=\"\" role=\"img\" ><\/div>\n\t\t\t\t\t\t\t\t\t\t\t<div class=\"elementor-gallery-item__overlay\"><\/div>\n\t\t\t\t\t\t\t\t\t\t\t\t\t\t<\/a>\n\t\t\t\t\t\t\t<a class=\"e-gallery-item elementor-gallery-item elementor-animated-content\" href=\"https:\/\/janemade.pt\/wp-content\/uploads\/2025\/05\/image420287296.jpeg\" data-elementor-open-lightbox=\"yes\" data-elementor-lightbox-slideshow=\"ea5ae6e\" data-elementor-lightbox-title=\"image420287296\" data-e-action-hash=\"#elementor-action%3Aaction%3Dlightbox%26settings%3DeyJpZCI6NTY5LCJ1cmwiOiJodHRwczpcL1wvamFuZW1hZGUucHRcL3dwLWNvbnRlbnRcL3VwbG9hZHNcLzIwMjVcLzA1XC9pbWFnZTQyMDI4NzI5Ni5qcGVnIiwic2xpZGVzaG93IjoiZWE1YWU2ZSJ9\">\n\t\t\t\t\t<div class=\"e-gallery-image elementor-gallery-item__image\" data-thumbnail=\"https:\/\/janemade.pt\/wp-content\/uploads\/2025\/05\/image420287296-1025x1536.jpeg\" data-width=\"1025\" data-height=\"1536\" aria-label=\"\" role=\"img\" ><\/div>\n\t\t\t\t\t\t\t\t\t\t\t<div class=\"elementor-gallery-item__overlay\"><\/div>\n\t\t\t\t\t\t\t\t\t\t\t\t\t\t<\/a>\n\t\t\t\t\t\t\t<a class=\"e-gallery-item elementor-gallery-item elementor-animated-content\" href=\"https:\/\/janemade.pt\/wp-content\/uploads\/2025\/05\/image520286294.jpeg\" data-elementor-open-lightbox=\"yes\" data-elementor-lightbox-slideshow=\"ea5ae6e\" data-elementor-lightbox-title=\"image520286294\" data-e-action-hash=\"#elementor-action%3Aaction%3Dlightbox%26settings%3DeyJpZCI6NTcwLCJ1cmwiOiJodHRwczpcL1wvamFuZW1hZGUucHRcL3dwLWNvbnRlbnRcL3VwbG9hZHNcLzIwMjVcLzA1XC9pbWFnZTUyMDI4NjI5NC5qcGVnIiwic2xpZGVzaG93IjoiZWE1YWU2ZSJ9\">\n\t\t\t\t\t<div class=\"e-gallery-image elementor-gallery-item__image\" data-thumbnail=\"https:\/\/janemade.pt\/wp-content\/uploads\/2025\/05\/image520286294-1022x1536.jpeg\" data-width=\"1022\" data-height=\"1536\" aria-label=\"\" role=\"img\" ><\/div>\n\t\t\t\t\t\t\t\t\t\t\t<div class=\"elementor-gallery-item__overlay\"><\/div>\n\t\t\t\t\t\t\t\t\t\t\t\t\t\t<\/a>\n\t\t\t\t\t\t\t<a class=\"e-gallery-item elementor-gallery-item elementor-animated-content\" href=\"https:\/\/janemade.pt\/wp-content\/uploads\/2025\/05\/image620285293.jpeg\" data-elementor-open-lightbox=\"yes\" data-elementor-lightbox-slideshow=\"ea5ae6e\" data-elementor-lightbox-title=\"image620285293\" data-e-action-hash=\"#elementor-action%3Aaction%3Dlightbox%26settings%3DeyJpZCI6NTcxLCJ1cmwiOiJodHRwczpcL1wvamFuZW1hZGUucHRcL3dwLWNvbnRlbnRcL3VwbG9hZHNcLzIwMjVcLzA1XC9pbWFnZTYyMDI4NTI5My5qcGVnIiwic2xpZGVzaG93IjoiZWE1YWU2ZSJ9\">\n\t\t\t\t\t<div class=\"e-gallery-image elementor-gallery-item__image\" data-thumbnail=\"https:\/\/janemade.pt\/wp-content\/uploads\/2025\/05\/image620285293.jpeg\" data-width=\"840\" data-height=\"560\" aria-label=\"\" role=\"img\" ><\/div>\n\t\t\t\t\t\t\t\t\t\t\t<div class=\"elementor-gallery-item__overlay\"><\/div>\n\t\t\t\t\t\t\t\t\t\t\t\t\t\t<\/a>\n\t\t\t\t\t\t\t<a class=\"e-gallery-item elementor-gallery-item elementor-animated-content\" href=\"https:\/\/janemade.pt\/wp-content\/uploads\/2025\/05\/image720283296.jpeg\" data-elementor-open-lightbox=\"yes\" data-elementor-lightbox-slideshow=\"ea5ae6e\" data-elementor-lightbox-title=\"image720283296\" data-e-action-hash=\"#elementor-action%3Aaction%3Dlightbox%26settings%3DeyJpZCI6NTcyLCJ1cmwiOiJodHRwczpcL1wvamFuZW1hZGUucHRcL3dwLWNvbnRlbnRcL3VwbG9hZHNcLzIwMjVcLzA1XC9pbWFnZTcyMDI4MzI5Ni5qcGVnIiwic2xpZGVzaG93IjoiZWE1YWU2ZSJ9\">\n\t\t\t\t\t<div class=\"e-gallery-image elementor-gallery-item__image\" data-thumbnail=\"https:\/\/janemade.pt\/wp-content\/uploads\/2025\/05\/image720283296.jpeg\" data-width=\"560\" data-height=\"840\" aria-label=\"\" role=\"img\" ><\/div>\n\t\t\t\t\t\t\t\t\t\t\t<div class=\"elementor-gallery-item__overlay\"><\/div>\n\t\t\t\t\t\t\t\t\t\t\t\t\t\t<\/a>\n\t\t\t\t\t\t\t<a class=\"e-gallery-item elementor-gallery-item elementor-animated-content\" href=\"https:\/\/janemade.pt\/wp-content\/uploads\/2025\/05\/image820283296.jpeg\" data-elementor-open-lightbox=\"yes\" data-elementor-lightbox-slideshow=\"ea5ae6e\" data-elementor-lightbox-title=\"image820283296\" data-e-action-hash=\"#elementor-action%3Aaction%3Dlightbox%26settings%3DeyJpZCI6NTczLCJ1cmwiOiJodHRwczpcL1wvamFuZW1hZGUucHRcL3dwLWNvbnRlbnRcL3VwbG9hZHNcLzIwMjVcLzA1XC9pbWFnZTgyMDI4MzI5Ni5qcGVnIiwic2xpZGVzaG93IjoiZWE1YWU2ZSJ9\">\n\t\t\t\t\t<div class=\"e-gallery-image elementor-gallery-item__image\" data-thumbnail=\"https:\/\/janemade.pt\/wp-content\/uploads\/2025\/05\/image820283296-1024x1536.jpeg\" data-width=\"1024\" data-height=\"1536\" aria-label=\"\" role=\"img\" ><\/div>\n\t\t\t\t\t\t\t\t\t\t\t<div class=\"elementor-gallery-item__overlay\"><\/div>\n\t\t\t\t\t\t\t\t\t\t\t\t\t\t<\/a>\n\t\t\t\t\t\t\t<a class=\"e-gallery-item elementor-gallery-item elementor-animated-content\" href=\"https:\/\/janemade.pt\/wp-content\/uploads\/2025\/05\/image920282294.jpeg\" data-elementor-open-lightbox=\"yes\" data-elementor-lightbox-slideshow=\"ea5ae6e\" data-elementor-lightbox-title=\"image920282294\" data-e-action-hash=\"#elementor-action%3Aaction%3Dlightbox%26settings%3DeyJpZCI6NTc0LCJ1cmwiOiJodHRwczpcL1wvamFuZW1hZGUucHRcL3dwLWNvbnRlbnRcL3VwbG9hZHNcLzIwMjVcLzA1XC9pbWFnZTkyMDI4MjI5NC5qcGVnIiwic2xpZGVzaG93IjoiZWE1YWU2ZSJ9\">\n\t\t\t\t\t<div class=\"e-gallery-image elementor-gallery-item__image\" data-thumbnail=\"https:\/\/janemade.pt\/wp-content\/uploads\/2025\/05\/image920282294.jpeg\" data-width=\"1170\" data-height=\"1430\" aria-label=\"\" role=\"img\" ><\/div>\n\t\t\t\t\t\t\t\t\t\t\t<div class=\"elementor-gallery-item__overlay\"><\/div>\n\t\t\t\t\t\t\t\t\t\t\t\t\t\t<\/a>\n\t\t\t\t\t<\/div>\n\t\t\t\t\t<\/div>\n\t\t\t\t<\/div>\n\t\t\t\t<\/div>\n\t\t\t\t\t<\/div>\n\t\t\t\t<\/div>\n\t\t\t\t<\/div>","protected":false},"excerpt":{"rendered":"<p>Inspiration: Be inspired by unique compositions and details that elevate every moment at the table. Here, we&#039;ve gathered ideas, colors, and combinations that celebrate handcrafted items and the beauty of small gestures.<\/p>","protected":false},"author":1,"featured_media":0,"parent":0,"menu_order":0,"comment_status":"closed","ping_status":"closed","template":"","meta":{"_seopress_robots_primary_cat":"","_seopress_titles_title":"Inspira\u00e7\u00e3o \u2013 Jane Made","_seopress_titles_desc":"Inspira-te com composi\u00e7\u00f5es \u00fanicas da Jane Made. Ideias, cores e combina\u00e7\u00f5es que elevam cada momento \u00e0 mesa e celebram o feito \u00e0 m\u00e3o e a beleza dos pequenos gestos.","_seopress_robots_index":"","_eb_attr":"","footnotes":""},"class_list":["post-550","page","type-page","status-publish","hentry"],"_hostinger_reach_plugin_has_subscription_block":false,"_hostinger_reach_plugin_is_elementor":false,"_links":{"self":[{"href":"https:\/\/janemade.pt\/en\/wp-json\/wp\/v2\/pages\/550","targetHints":{"allow":["GET"]}}],"collection":[{"href":"https:\/\/janemade.pt\/en\/wp-json\/wp\/v2\/pages"}],"about":[{"href":"https:\/\/janemade.pt\/en\/wp-json\/wp\/v2\/types\/page"}],"author":[{"embeddable":true,"href":"https:\/\/janemade.pt\/en\/wp-json\/wp\/v2\/users\/1"}],"replies":[{"embeddable":true,"href":"https:\/\/janemade.pt\/en\/wp-json\/wp\/v2\/comments?post=550"}],"version-history":[{"count":0,"href":"https:\/\/janemade.pt\/en\/wp-json\/wp\/v2\/pages\/550\/revisions"}],"wp:attachment":[{"href":"https:\/\/janemade.pt\/en\/wp-json\/wp\/v2\/media?parent=550"}],"curies":[{"name":"wp","href":"https:\/\/api.w.org\/{rel}","templated":true}]}}