{"id":422,"date":"2025-05-31T11:30:23","date_gmt":"2025-05-31T11:30:23","guid":{"rendered":"https:\/\/janemade.pt\/?page_id=422"},"modified":"2025-11-30T19:55:12","modified_gmt":"2025-11-30T19:55:12","slug":"loja","status":"publish","type":"page","link":"https:\/\/janemade.pt\/en\/loja\/","title":{"rendered":"Store"},"content":{"rendered":"<div data-elementor-type=\"wp-page\" data-elementor-id=\"422\" class=\"elementor elementor-422\" data-elementor-post-type=\"page\">\n\t\t\t\t<div data-particle_enable=\"false\" data-particle-mobile-disabled=\"false\" class=\"elementor-element elementor-element-4df9862 e-flex e-con-boxed e-con e-parent\" data-id=\"4df9862\" data-element_type=\"container\">\n\t\t\t\t\t<div class=\"e-con-inner\">\n\t\t\t\t<div class=\"elementor-element elementor-element-b5d7e66 elementor-widget elementor-widget-woocommerce-breadcrumb\" data-id=\"b5d7e66\" data-element_type=\"widget\" data-widget_type=\"woocommerce-breadcrumb.default\">\n\t\t\t\t<div class=\"elementor-widget-container\">\n\t\t\t\t\t<nav class=\"woocommerce-breadcrumb\" aria-label=\"Breadcrumb\" data-no-translation=\"\" data-trp-gettext=\"\">Home<\/nav>\t\t\t\t<\/div>\n\t\t\t\t<\/div>\n\t\t\t\t\t<\/div>\n\t\t\t\t<\/div>\n\t\t<div data-particle_enable=\"false\" data-particle-mobile-disabled=\"false\" class=\"elementor-element elementor-element-13b802e e-flex e-con-boxed e-con e-parent\" data-id=\"13b802e\" data-element_type=\"container\">\n\t\t\t\t\t<div class=\"e-con-inner\">\n\t\t\t\t<div class=\"elementor-element elementor-element-4e73a68 elementor-widget elementor-widget-heading\" data-id=\"4e73a68\" data-element_type=\"widget\" data-widget_type=\"heading.default\">\n\t\t\t\t<div class=\"elementor-widget-container\">\n\t\t\t\t\t<h1 class=\"elementor-heading-title elementor-size-default\">Store<\/h1>\t\t\t\t<\/div>\n\t\t\t\t<\/div>\n\t\t\t\t\t<\/div>\n\t\t\t\t<\/div>\n\t\t<div data-particle_enable=\"false\" data-particle-mobile-disabled=\"false\" class=\"elementor-element elementor-element-e1cdb3f e-flex e-con-boxed e-con e-parent\" data-id=\"e1cdb3f\" data-element_type=\"container\">\n\t\t\t\t\t<div class=\"e-con-inner\">\n\t\t<div data-particle_enable=\"false\" data-particle-mobile-disabled=\"false\" class=\"elementor-element elementor-element-54bca67 e-con-full e-flex e-con e-child\" data-id=\"54bca67\" data-element_type=\"container\">\n\t\t\t\t<div class=\"elementor-element elementor-element-f81152a eael_liquid_glass-effect1 eael_liquid_glass_shadow-effect1 elementor-widget elementor-widget-jet-listing-grid\" data-id=\"f81152a\" data-element_type=\"widget\" id=\"productlisting_02\" data-settings=\"{&quot;columns&quot;:&quot;4&quot;,&quot;columns_tablet&quot;:&quot;3&quot;,&quot;columns_mobile&quot;:&quot;1&quot;}\" data-widget_type=\"jet-listing-grid.default\">\n\t\t\t\t<div class=\"elementor-widget-container\">\n\t\t\t\t\t<div class=\"jet-listing-grid jet-listing\"><div class=\"jet-listing-grid__items grid-col-desk-4 grid-col-tablet-3 grid-col-mobile-1 jet-listing-grid--1079 jet-equal-columns__wrapper woocommerce\" data-queried-id=\"422|WP_Post\" data-nav=\"{&quot;enabled&quot;:true,&quot;type&quot;:&quot;scroll&quot;,&quot;more_el&quot;:null,&quot;query&quot;:{&quot;post_status&quot;:[&quot;publish&quot;],&quot;post_type&quot;:&quot;product&quot;,&quot;posts_per_page&quot;:&quot;6&quot;,&quot;paged&quot;:&quot;1&quot;,&quot;ignore_sticky_posts&quot;:&quot;1&quot;,&quot;signature&quot;:&quot;fa0cdd113515ade1d855678d5e9150c3920f6c3ebb9971c65c46b7af4a9b7f29&quot;},&quot;widget_settings&quot;:{&quot;lisitng_id&quot;:1079,&quot;posts_num&quot;:6,&quot;columns&quot;:4,&quot;columns_tablet&quot;:3,&quot;columns_mobile&quot;:1,&quot;column_min_width&quot;:240,&quot;column_min_width_tablet&quot;:240,&quot;column_min_width_mobile&quot;:240,&quot;inline_columns_css&quot;:false,&quot;is_archive_template&quot;:&quot;&quot;,&quot;post_status&quot;:[&quot;publish&quot;],&quot;use_random_posts_num&quot;:&quot;&quot;,&quot;max_posts_num&quot;:9,&quot;not_found_message&quot;:&quot;No data was found&quot;,&quot;is_masonry&quot;:false,&quot;equal_columns_height&quot;:&quot;yes&quot;,&quot;use_load_more&quot;:&quot;yes&quot;,&quot;load_more_id&quot;:&quot;&quot;,&quot;load_more_type&quot;:&quot;scroll&quot;,&quot;load_more_offset&quot;:{&quot;unit&quot;:&quot;px&quot;,&quot;size&quot;:0,&quot;sizes&quot;:[]},&quot;use_custom_post_types&quot;:&quot;&quot;,&quot;custom_post_types&quot;:[],&quot;hide_widget_if&quot;:&quot;&quot;,&quot;carousel_enabled&quot;:&quot;&quot;,&quot;slides_to_scroll&quot;:&quot;1&quot;,&quot;arrows&quot;:&quot;true&quot;,&quot;arrow_icon&quot;:&quot;fa fa-angle-left&quot;,&quot;dots&quot;:&quot;&quot;,&quot;autoplay&quot;:&quot;true&quot;,&quot;pause_on_hover&quot;:&quot;true&quot;,&quot;autoplay_speed&quot;:5000,&quot;infinite&quot;:&quot;true&quot;,&quot;center_mode&quot;:&quot;&quot;,&quot;effect&quot;:&quot;slide&quot;,&quot;speed&quot;:500,&quot;inject_alternative_items&quot;:&quot;&quot;,&quot;injection_items&quot;:[],&quot;scroll_slider_enabled&quot;:&quot;&quot;,&quot;scroll_slider_on&quot;:[&quot;desktop&quot;,&quot;tablet&quot;,&quot;mobile&quot;],&quot;custom_query&quot;:&quot;yes&quot;,&quot;custom_query_id&quot;:&quot;&quot;,&quot;_element_id&quot;:&quot;productlisting_02&quot;,&quot;collapse_first_last_gap&quot;:false,&quot;list_tag_selection&quot;:&quot;&quot;,&quot;list_items_wrapper_tag&quot;:&quot;div&quot;,&quot;list_item_tag&quot;:&quot;div&quot;,&quot;empty_items_wrapper_tag&quot;:&quot;div&quot;}}\" data-page=\"1\" data-pages=\"3\" data-listing-source=\"posts\" data-listing-id=\"1079\" data-query-id=\"\"><div class=\"jet-listing-grid__item jet-listing-dynamic-post-299 jet-equal-columns\" data-post-id=\"299\"  ><div class=\"jet-engine-listing-overlay-wrap\" data-url=\"https:\/\/janemade.pt\/en\/product\/argola-de-guardanapo-gravada\/\">\t\t<div data-elementor-type=\"jet-listing-items\" data-elementor-id=\"1079\" class=\"elementor elementor-1079\" data-elementor-post-type=\"jet-engine\">\n\t\t\t\t<div data-particle_enable=\"false\" data-particle-mobile-disabled=\"false\" class=\"elementor-element elementor-element-f462420 e-flex e-con-boxed e-con e-parent\" data-id=\"f462420\" data-element_type=\"container\">\n\t\t\t\t\t<div class=\"e-con-inner\">\n\t\t\t\t<div class=\"elementor-element elementor-element-5989e95 eael_liquid_glass-effect1 eael_liquid_glass_shadow-effect1 elementor-widget elementor-widget-jet-listing-dynamic-image\" data-id=\"5989e95\" data-element_type=\"widget\" data-widget_type=\"jet-listing-dynamic-image.default\">\n\t\t\t\t<div class=\"elementor-widget-container\">\n\t\t\t\t\t<div class=\"jet-listing jet-listing-dynamic-image\" ><a href=\"https:\/\/janemade.pt\/en\/product\/argola-de-guardanapo-gravada\/\" class=\"jet-listing-dynamic-image__link\"><img fetchpriority=\"high\" decoding=\"async\" width=\"300\" height=\"300\" src=\"https:\/\/janemade.pt\/wp-content\/uploads\/2025\/11\/camel2.5_janemade-300x300.webp\" class=\"jet-listing-dynamic-image__img attachment-woocommerce_thumbnail size-woocommerce_thumbnail\" alt=\"Argola de guardanapo em couro castanho personalizada com o nome \u201cPEDRO\u201d, envolvendo um guardanapo de tecido claro, decorado com pequenas flores rosa.\" srcset=\"https:\/\/janemade.pt\/wp-content\/uploads\/2025\/11\/camel2.5_janemade-300x300.webp 300w, https:\/\/janemade.pt\/wp-content\/uploads\/2025\/11\/camel2.5_janemade-150x150.webp 150w, https:\/\/janemade.pt\/wp-content\/uploads\/2025\/11\/camel2.5_janemade-100x100.webp 100w\" sizes=\"(max-width: 300px) 100vw, 300px\" loading=\"eager\" \/><\/a><\/div>\t\t\t\t<\/div>\n\t\t\t\t<\/div>\n\t\t\t\t<div class=\"elementor-element elementor-element-904556f elementor-widget__width-inherit eael_liquid_glass-effect1 eael_liquid_glass_shadow-effect1 elementor-widget elementor-widget-jet-listing-dynamic-field\" data-id=\"904556f\" data-element_type=\"widget\" data-widget_type=\"jet-listing-dynamic-field.default\">\n\t\t\t\t<div class=\"elementor-widget-container\">\n\t\t\t\t\t<div class=\"jet-listing jet-listing-dynamic-field display-inline\"><div class=\"jet-listing-dynamic-field__inline-wrap\"><div class=\"jet-listing-dynamic-field__content\">Engraved Napkin Ring<\/div><\/div><\/div>\t\t\t\t<\/div>\n\t\t\t\t<\/div>\n\t\t\t\t<div class=\"elementor-element elementor-element-e6e016e elementor-widget__width-inherit elementor-widget elementor-widget-woocommerce-product-price\" data-id=\"e6e016e\" data-element_type=\"widget\" data-widget_type=\"woocommerce-product-price.default\">\n\t\t\t\t<div class=\"elementor-widget-container\">\n\t\t\t\t\t<p class=\"price\"><span class=\"woocommerce-Price-amount amount\"><bdi>8,00&nbsp;<span class=\"woocommerce-Price-currencySymbol\">\u20ac<\/span><\/bdi><\/span><\/p>\n\t\t\t\t<\/div>\n\t\t\t\t<\/div>\n\t\t\t\t\t<\/div>\n\t\t\t\t<\/div>\n\t\t\t\t<\/div>\n\t\t<a href=\"https:\/\/janemade.pt\/en\/product\/argola-de-guardanapo-gravada\/\" class=\"jet-engine-listing-overlay-link\"><\/a><\/div><\/div><div class=\"jet-listing-grid__item jet-listing-dynamic-post-1485 jet-equal-columns\" data-post-id=\"1485\"  ><div class=\"jet-engine-listing-overlay-wrap\" data-url=\"https:\/\/janemade.pt\/en\/product\/argola-de-guardanapo-simbolos-iniciais\/\">\t\t<div data-elementor-type=\"jet-listing-items\" data-elementor-id=\"1079\" class=\"elementor elementor-1079\" data-elementor-post-type=\"jet-engine\">\n\t\t\t\t<div data-particle_enable=\"false\" data-particle-mobile-disabled=\"false\" class=\"elementor-element elementor-element-f462420 e-flex e-con-boxed e-con e-parent\" data-id=\"f462420\" data-element_type=\"container\">\n\t\t\t\t\t<div class=\"e-con-inner\">\n\t\t\t\t<div class=\"elementor-element elementor-element-5989e95 eael_liquid_glass-effect1 eael_liquid_glass_shadow-effect1 elementor-widget elementor-widget-jet-listing-dynamic-image\" data-id=\"5989e95\" data-element_type=\"widget\" data-widget_type=\"jet-listing-dynamic-image.default\">\n\t\t\t\t<div class=\"elementor-widget-container\">\n\t\t\t\t\t<div class=\"jet-listing jet-listing-dynamic-image\" ><a href=\"https:\/\/janemade.pt\/en\/product\/argola-de-guardanapo-simbolos-iniciais\/\" class=\"jet-listing-dynamic-image__link\"><img decoding=\"async\" width=\"300\" height=\"300\" src=\"https:\/\/janemade.pt\/wp-content\/uploads\/2025\/11\/Argola_simbolos_janemade-300x300.webp\" class=\"jet-listing-dynamic-image__img attachment-woocommerce_thumbnail size-woocommerce_thumbnail\" alt=\"Etiquetas de couro personalizadas com grava\u00e7\u00e3o SOAP e LOTION\" srcset=\"https:\/\/janemade.pt\/wp-content\/uploads\/2025\/11\/Argola_simbolos_janemade-300x300.webp 300w, https:\/\/janemade.pt\/wp-content\/uploads\/2025\/11\/Argola_simbolos_janemade-150x150.webp 150w, https:\/\/janemade.pt\/wp-content\/uploads\/2025\/11\/Argola_simbolos_janemade-100x100.webp 100w\" sizes=\"(max-width: 300px) 100vw, 300px\" loading=\"eager\" \/><\/a><\/div>\t\t\t\t<\/div>\n\t\t\t\t<\/div>\n\t\t\t\t<div class=\"elementor-element elementor-element-904556f elementor-widget__width-inherit eael_liquid_glass-effect1 eael_liquid_glass_shadow-effect1 elementor-widget elementor-widget-jet-listing-dynamic-field\" data-id=\"904556f\" data-element_type=\"widget\" data-widget_type=\"jet-listing-dynamic-field.default\">\n\t\t\t\t<div class=\"elementor-widget-container\">\n\t\t\t\t\t<div class=\"jet-listing jet-listing-dynamic-field display-inline\"><div class=\"jet-listing-dynamic-field__inline-wrap\"><div class=\"jet-listing-dynamic-field__content\">Napkin ring with symbols\/initials<\/div><\/div><\/div>\t\t\t\t<\/div>\n\t\t\t\t<\/div>\n\t\t\t\t<div class=\"elementor-element elementor-element-e6e016e elementor-widget__width-inherit elementor-widget elementor-widget-woocommerce-product-price\" data-id=\"e6e016e\" data-element_type=\"widget\" data-widget_type=\"woocommerce-product-price.default\">\n\t\t\t\t<div class=\"elementor-widget-container\">\n\t\t\t\t\t<p class=\"price\"><span class=\"woocommerce-Price-amount amount\"><bdi>7,00&nbsp;<span class=\"woocommerce-Price-currencySymbol\">\u20ac<\/span><\/bdi><\/span><\/p>\n\t\t\t\t<\/div>\n\t\t\t\t<\/div>\n\t\t\t\t\t<\/div>\n\t\t\t\t<\/div>\n\t\t\t\t<\/div>\n\t\t<a href=\"https:\/\/janemade.pt\/en\/product\/argola-de-guardanapo-simbolos-iniciais\/\" class=\"jet-engine-listing-overlay-link\"><\/a><\/div><\/div><div class=\"jet-listing-grid__item jet-listing-dynamic-post-1623 jet-equal-columns\" data-post-id=\"1623\"  ><div class=\"jet-engine-listing-overlay-wrap\" data-url=\"https:\/\/janemade.pt\/en\/product\/etiquetas\/\">\t\t<div data-elementor-type=\"jet-listing-items\" data-elementor-id=\"1079\" class=\"elementor elementor-1079\" data-elementor-post-type=\"jet-engine\">\n\t\t\t\t<div data-particle_enable=\"false\" data-particle-mobile-disabled=\"false\" class=\"elementor-element elementor-element-f462420 e-flex e-con-boxed e-con e-parent\" data-id=\"f462420\" data-element_type=\"container\">\n\t\t\t\t\t<div class=\"e-con-inner\">\n\t\t\t\t<div class=\"elementor-element elementor-element-5989e95 eael_liquid_glass-effect1 eael_liquid_glass_shadow-effect1 elementor-widget elementor-widget-jet-listing-dynamic-image\" data-id=\"5989e95\" data-element_type=\"widget\" data-widget_type=\"jet-listing-dynamic-image.default\">\n\t\t\t\t<div class=\"elementor-widget-container\">\n\t\t\t\t\t<div class=\"jet-listing jet-listing-dynamic-image\" ><a href=\"https:\/\/janemade.pt\/en\/product\/etiquetas\/\" class=\"jet-listing-dynamic-image__link\"><img decoding=\"async\" width=\"300\" height=\"300\" src=\"https:\/\/janemade.pt\/wp-content\/uploads\/2025\/11\/etiquetas-principal_janemade-300x300.webp\" class=\"jet-listing-dynamic-image__img attachment-woocommerce_thumbnail size-woocommerce_thumbnail\" alt=\"Etiquetas de couro personalizadas \u201cSOUL TRIP\u201d com nomes gravados \u2013 Jane-Made\" srcset=\"https:\/\/janemade.pt\/wp-content\/uploads\/2025\/11\/etiquetas-principal_janemade-300x300.webp 300w, https:\/\/janemade.pt\/wp-content\/uploads\/2025\/11\/etiquetas-principal_janemade-150x150.webp 150w, https:\/\/janemade.pt\/wp-content\/uploads\/2025\/11\/etiquetas-principal_janemade-100x100.webp 100w\" sizes=\"(max-width: 300px) 100vw, 300px\" loading=\"eager\" \/><\/a><\/div>\t\t\t\t<\/div>\n\t\t\t\t<\/div>\n\t\t\t\t<div class=\"elementor-element elementor-element-904556f elementor-widget__width-inherit eael_liquid_glass-effect1 eael_liquid_glass_shadow-effect1 elementor-widget elementor-widget-jet-listing-dynamic-field\" data-id=\"904556f\" data-element_type=\"widget\" data-widget_type=\"jet-listing-dynamic-field.default\">\n\t\t\t\t<div class=\"elementor-widget-container\">\n\t\t\t\t\t<div class=\"jet-listing jet-listing-dynamic-field display-inline\"><div class=\"jet-listing-dynamic-field__inline-wrap\"><div class=\"jet-listing-dynamic-field__content\">Labels<\/div><\/div><\/div>\t\t\t\t<\/div>\n\t\t\t\t<\/div>\n\t\t\t\t<div class=\"elementor-element elementor-element-e6e016e elementor-widget__width-inherit elementor-widget elementor-widget-woocommerce-product-price\" data-id=\"e6e016e\" data-element_type=\"widget\" data-widget_type=\"woocommerce-product-price.default\">\n\t\t\t\t<div class=\"elementor-widget-container\">\n\t\t\t\t\t<p class=\"price\"><span class=\"woocommerce-Price-amount amount\"><bdi>5,00&nbsp;<span class=\"woocommerce-Price-currencySymbol\">\u20ac<\/span><\/bdi><\/span><\/p>\n\t\t\t\t<\/div>\n\t\t\t\t<\/div>\n\t\t\t\t\t<\/div>\n\t\t\t\t<\/div>\n\t\t\t\t<\/div>\n\t\t<a href=\"https:\/\/janemade.pt\/en\/product\/etiquetas\/\" class=\"jet-engine-listing-overlay-link\"><\/a><\/div><\/div><div class=\"jet-listing-grid__item jet-listing-dynamic-post-1612 jet-equal-columns\" data-post-id=\"1612\"  ><div class=\"jet-engine-listing-overlay-wrap\" data-url=\"https:\/\/janemade.pt\/en\/product\/velas\/\">\t\t<div data-elementor-type=\"jet-listing-items\" data-elementor-id=\"1079\" class=\"elementor elementor-1079\" data-elementor-post-type=\"jet-engine\">\n\t\t\t\t<div data-particle_enable=\"false\" data-particle-mobile-disabled=\"false\" class=\"elementor-element elementor-element-f462420 e-flex e-con-boxed e-con e-parent\" data-id=\"f462420\" data-element_type=\"container\">\n\t\t\t\t\t<div class=\"e-con-inner\">\n\t\t\t\t<div class=\"elementor-element elementor-element-5989e95 eael_liquid_glass-effect1 eael_liquid_glass_shadow-effect1 elementor-widget elementor-widget-jet-listing-dynamic-image\" data-id=\"5989e95\" data-element_type=\"widget\" data-widget_type=\"jet-listing-dynamic-image.default\">\n\t\t\t\t<div class=\"elementor-widget-container\">\n\t\t\t\t\t<div class=\"jet-listing jet-listing-dynamic-image\" ><a href=\"https:\/\/janemade.pt\/en\/product\/velas\/\" class=\"jet-listing-dynamic-image__link\"><img decoding=\"async\" width=\"300\" height=\"300\" src=\"https:\/\/janemade.pt\/wp-content\/uploads\/2025\/11\/VELAS_janemade-300x300.webp\" class=\"jet-listing-dynamic-image__img attachment-woocommerce_thumbnail size-woocommerce_thumbnail\" alt=\"Velas brancas decoradas com la\u00e7os vermelhos dentro de copo de vidro\" srcset=\"https:\/\/janemade.pt\/wp-content\/uploads\/2025\/11\/VELAS_janemade-300x300.webp 300w, https:\/\/janemade.pt\/wp-content\/uploads\/2025\/11\/VELAS_janemade-150x150.webp 150w, https:\/\/janemade.pt\/wp-content\/uploads\/2025\/11\/VELAS_janemade-100x100.webp 100w\" sizes=\"(max-width: 300px) 100vw, 300px\" loading=\"eager\" \/><\/a><\/div>\t\t\t\t<\/div>\n\t\t\t\t<\/div>\n\t\t\t\t<div class=\"elementor-element elementor-element-904556f elementor-widget__width-inherit eael_liquid_glass-effect1 eael_liquid_glass_shadow-effect1 elementor-widget elementor-widget-jet-listing-dynamic-field\" data-id=\"904556f\" data-element_type=\"widget\" data-widget_type=\"jet-listing-dynamic-field.default\">\n\t\t\t\t<div class=\"elementor-widget-container\">\n\t\t\t\t\t<div class=\"jet-listing jet-listing-dynamic-field display-inline\"><div class=\"jet-listing-dynamic-field__inline-wrap\"><div class=\"jet-listing-dynamic-field__content\">Candles (x2)<\/div><\/div><\/div>\t\t\t\t<\/div>\n\t\t\t\t<\/div>\n\t\t\t\t<div class=\"elementor-element elementor-element-e6e016e elementor-widget__width-inherit elementor-widget elementor-widget-woocommerce-product-price\" data-id=\"e6e016e\" data-element_type=\"widget\" data-widget_type=\"woocommerce-product-price.default\">\n\t\t\t\t<div class=\"elementor-widget-container\">\n\t\t\t\t\t<p class=\"price\"><span class=\"woocommerce-Price-amount amount\"><bdi>10,00&nbsp;<span class=\"woocommerce-Price-currencySymbol\">\u20ac<\/span><\/bdi><\/span><\/p>\n\t\t\t\t<\/div>\n\t\t\t\t<\/div>\n\t\t\t\t\t<\/div>\n\t\t\t\t<\/div>\n\t\t\t\t<\/div>\n\t\t<a href=\"https:\/\/janemade.pt\/en\/product\/velas\/\" class=\"jet-engine-listing-overlay-link\"><\/a><\/div><\/div><div class=\"jet-listing-grid__item jet-listing-dynamic-post-1518 jet-equal-columns\" data-post-id=\"1518\"  ><div class=\"jet-engine-listing-overlay-wrap\" data-url=\"https:\/\/janemade.pt\/en\/product\/guardanapos-padrao\/\">\t\t<div data-elementor-type=\"jet-listing-items\" data-elementor-id=\"1079\" class=\"elementor elementor-1079\" data-elementor-post-type=\"jet-engine\">\n\t\t\t\t<div data-particle_enable=\"false\" data-particle-mobile-disabled=\"false\" class=\"elementor-element elementor-element-f462420 e-flex e-con-boxed e-con e-parent\" data-id=\"f462420\" data-element_type=\"container\">\n\t\t\t\t\t<div class=\"e-con-inner\">\n\t\t\t\t<div class=\"elementor-element elementor-element-5989e95 eael_liquid_glass-effect1 eael_liquid_glass_shadow-effect1 elementor-widget elementor-widget-jet-listing-dynamic-image\" data-id=\"5989e95\" data-element_type=\"widget\" data-widget_type=\"jet-listing-dynamic-image.default\">\n\t\t\t\t<div class=\"elementor-widget-container\">\n\t\t\t\t\t<div class=\"jet-listing jet-listing-dynamic-image\" ><a href=\"https:\/\/janemade.pt\/en\/product\/guardanapos-padrao\/\" class=\"jet-listing-dynamic-image__link\"><img decoding=\"async\" width=\"300\" height=\"300\" src=\"https:\/\/janemade.pt\/wp-content\/uploads\/2025\/11\/Jane-made-Guardanapo-Padrao_janemade-300x300.webp\" class=\"jet-listing-dynamic-image__img attachment-woocommerce_thumbnail size-woocommerce_thumbnail\" alt=\"Guardanapos de tecido com padr\u00e3o \u00e0s riscas em tons de verde, azul, rosa e vermelho com acabamento ondulado\" srcset=\"https:\/\/janemade.pt\/wp-content\/uploads\/2025\/11\/Jane-made-Guardanapo-Padrao_janemade-300x300.webp 300w, https:\/\/janemade.pt\/wp-content\/uploads\/2025\/11\/Jane-made-Guardanapo-Padrao_janemade-150x150.webp 150w, https:\/\/janemade.pt\/wp-content\/uploads\/2025\/11\/Jane-made-Guardanapo-Padrao_janemade-100x100.webp 100w\" sizes=\"(max-width: 300px) 100vw, 300px\" loading=\"eager\" \/><\/a><\/div>\t\t\t\t<\/div>\n\t\t\t\t<\/div>\n\t\t\t\t<div class=\"elementor-element elementor-element-904556f elementor-widget__width-inherit eael_liquid_glass-effect1 eael_liquid_glass_shadow-effect1 elementor-widget elementor-widget-jet-listing-dynamic-field\" data-id=\"904556f\" data-element_type=\"widget\" data-widget_type=\"jet-listing-dynamic-field.default\">\n\t\t\t\t<div class=\"elementor-widget-container\">\n\t\t\t\t\t<div class=\"jet-listing jet-listing-dynamic-field display-inline\"><div class=\"jet-listing-dynamic-field__inline-wrap\"><div class=\"jet-listing-dynamic-field__content\">Standard Napkins<\/div><\/div><\/div>\t\t\t\t<\/div>\n\t\t\t\t<\/div>\n\t\t\t\t<div class=\"elementor-element elementor-element-e6e016e elementor-widget__width-inherit elementor-widget elementor-widget-woocommerce-product-price\" data-id=\"e6e016e\" data-element_type=\"widget\" data-widget_type=\"woocommerce-product-price.default\">\n\t\t\t\t<div class=\"elementor-widget-container\">\n\t\t\t\t\t<p class=\"price\"><span class=\"woocommerce-Price-amount amount\"><bdi>16,00&nbsp;<span class=\"woocommerce-Price-currencySymbol\">\u20ac<\/span><\/bdi><\/span><\/p>\n\t\t\t\t<\/div>\n\t\t\t\t<\/div>\n\t\t\t\t\t<\/div>\n\t\t\t\t<\/div>\n\t\t\t\t<\/div>\n\t\t<a href=\"https:\/\/janemade.pt\/en\/product\/guardanapos-padrao\/\" class=\"jet-engine-listing-overlay-link\"><\/a><\/div><\/div><div class=\"jet-listing-grid__item jet-listing-dynamic-post-919 jet-equal-columns\" data-post-id=\"919\"  ><div class=\"jet-engine-listing-overlay-wrap\" data-url=\"https:\/\/janemade.pt\/en\/product\/enfeites\/\">\t\t<div data-elementor-type=\"jet-listing-items\" data-elementor-id=\"1079\" class=\"elementor elementor-1079\" data-elementor-post-type=\"jet-engine\">\n\t\t\t\t<div data-particle_enable=\"false\" data-particle-mobile-disabled=\"false\" class=\"elementor-element elementor-element-f462420 e-flex e-con-boxed e-con e-parent\" data-id=\"f462420\" data-element_type=\"container\">\n\t\t\t\t\t<div class=\"e-con-inner\">\n\t\t\t\t<div class=\"elementor-element elementor-element-5989e95 eael_liquid_glass-effect1 eael_liquid_glass_shadow-effect1 elementor-widget elementor-widget-jet-listing-dynamic-image\" data-id=\"5989e95\" data-element_type=\"widget\" data-widget_type=\"jet-listing-dynamic-image.default\">\n\t\t\t\t<div class=\"elementor-widget-container\">\n\t\t\t\t\t<div class=\"jet-listing jet-listing-dynamic-image\" ><a href=\"https:\/\/janemade.pt\/en\/product\/enfeites\/\" class=\"jet-listing-dynamic-image__link\"><img decoding=\"async\" width=\"300\" height=\"300\" src=\"https:\/\/janemade.pt\/wp-content\/uploads\/2025\/10\/Natalpend_janemade-300x300.webp\" class=\"jet-listing-dynamic-image__img attachment-woocommerce_thumbnail size-woocommerce_thumbnail\" alt=\"Enfeites de Natal\" srcset=\"https:\/\/janemade.pt\/wp-content\/uploads\/2025\/10\/Natalpend_janemade-300x300.webp 300w, https:\/\/janemade.pt\/wp-content\/uploads\/2025\/10\/Natalpend_janemade-150x150.webp 150w, https:\/\/janemade.pt\/wp-content\/uploads\/2025\/10\/Natalpend_janemade-100x100.webp 100w\" sizes=\"(max-width: 300px) 100vw, 300px\" loading=\"eager\" \/><\/a><\/div>\t\t\t\t<\/div>\n\t\t\t\t<\/div>\n\t\t\t\t<div class=\"elementor-element elementor-element-904556f elementor-widget__width-inherit eael_liquid_glass-effect1 eael_liquid_glass_shadow-effect1 elementor-widget elementor-widget-jet-listing-dynamic-field\" data-id=\"904556f\" data-element_type=\"widget\" data-widget_type=\"jet-listing-dynamic-field.default\">\n\t\t\t\t<div class=\"elementor-widget-container\">\n\t\t\t\t\t<div class=\"jet-listing jet-listing-dynamic-field display-inline\"><div class=\"jet-listing-dynamic-field__inline-wrap\"><div class=\"jet-listing-dynamic-field__content\">Christmas decorations<\/div><\/div><\/div>\t\t\t\t<\/div>\n\t\t\t\t<\/div>\n\t\t\t\t<div class=\"elementor-element elementor-element-e6e016e elementor-widget__width-inherit elementor-widget elementor-widget-woocommerce-product-price\" data-id=\"e6e016e\" data-element_type=\"widget\" data-widget_type=\"woocommerce-product-price.default\">\n\t\t\t\t<div class=\"elementor-widget-container\">\n\t\t\t\t\t<p class=\"price\"><span class=\"woocommerce-Price-amount amount\" aria-hidden=\"true\"><bdi>20,00&nbsp;<span class=\"woocommerce-Price-currencySymbol\">&euro;<\/span><\/bdi><\/span> <span aria-hidden=\"true\">&ndash;<\/span> <span class=\"woocommerce-Price-amount amount\" aria-hidden=\"true\"><bdi>26,00&nbsp;<span class=\"woocommerce-Price-currencySymbol\">&euro;<\/span><\/bdi><\/span><span class=\"screen-reader-text\" data-no-translation=\"\" data-trp-gettext=\"\">Price range: 20,00&nbsp;&euro; through 26,00&nbsp;&euro;<\/span><\/p>\n\t\t\t\t<\/div>\n\t\t\t\t<\/div>\n\t\t\t\t\t<\/div>\n\t\t\t\t<\/div>\n\t\t\t\t<\/div>\n\t\t<a href=\"https:\/\/janemade.pt\/en\/product\/enfeites\/\" class=\"jet-engine-listing-overlay-link\"><\/a><\/div><\/div><\/div><\/div>\t\t\t\t<\/div>\n\t\t\t\t<\/div>\n\t\t\t\t<\/div>\n\t\t\t\t\t<\/div>\n\t\t\t\t<\/div>\n\t\t\t\t<\/div>","protected":false},"excerpt":{"rendered":"<p>Shop: Engraved Napkin Ring 8.00 \u20ac Napkin Ring with symbols\/initials 7.00 \u20ac Labels 5.00 \u20ac Candles (x2) 10.00 \u20ac Patterned Napkins 16.00 \u20ac Christmas Decorations 20.00 \u20ac \u2013 26.00 \u20ac Price range: 20.00 \u20ac through 26.00 \u20ac<\/p>","protected":false},"author":1,"featured_media":0,"parent":0,"menu_order":0,"comment_status":"closed","ping_status":"closed","template":"elementor_header_footer","meta":{"_seopress_robots_primary_cat":"","_seopress_titles_title":"Produtos Artesanais em Couro \u2013 Jane Made","_seopress_titles_desc":"Argolas, porta-chaves e detalhes em couro, feitos \u00e0 m\u00e3o e personaliz\u00e1veis. Qualidade artesanal para tornar cada momento especial. Jane Made.","_seopress_robots_index":"","_eb_attr":"","footnotes":""},"class_list":["post-422","page","type-page","status-publish","hentry"],"_hostinger_reach_plugin_has_subscription_block":false,"_hostinger_reach_plugin_is_elementor":false,"_links":{"self":[{"href":"https:\/\/janemade.pt\/en\/wp-json\/wp\/v2\/pages\/422","targetHints":{"allow":["GET"]}}],"collection":[{"href":"https:\/\/janemade.pt\/en\/wp-json\/wp\/v2\/pages"}],"about":[{"href":"https:\/\/janemade.pt\/en\/wp-json\/wp\/v2\/types\/page"}],"author":[{"embeddable":true,"href":"https:\/\/janemade.pt\/en\/wp-json\/wp\/v2\/users\/1"}],"replies":[{"embeddable":true,"href":"https:\/\/janemade.pt\/en\/wp-json\/wp\/v2\/comments?post=422"}],"version-history":[{"count":0,"href":"https:\/\/janemade.pt\/en\/wp-json\/wp\/v2\/pages\/422\/revisions"}],"wp:attachment":[{"href":"https:\/\/janemade.pt\/en\/wp-json\/wp\/v2\/media?parent=422"}],"curies":[{"name":"wp","href":"https:\/\/api.w.org\/{rel}","templated":true}]}}